{"id":45,"date":"2020-04-15T23:02:47","date_gmt":"2020-04-15T21:02:47","guid":{"rendered":"http:\/\/www.tabletopclubkassel.de\/homepage\/?page_id=45"},"modified":"2025-10-09T10:49:46","modified_gmt":"2025-10-09T08:49:46","slug":"impressum","status":"publish","type":"page","link":"https:\/\/www.tabletopclubkassel.de\/homepage\/impressum\/","title":{"rendered":"Impressum"},"content":{"rendered":"\t\t<div data-elementor-type=\"wp-page\" data-elementor-id=\"45\" class=\"elementor elementor-45\">\n\t\t\t\t\t\t<section class=\"elementor-section elementor-top-section elementor-element elementor-element-abff115 elementor-section-boxed elementor-section-height-default elementor-section-height-default\" data-id=\"abff115\" data-element_type=\"section\" data-e-type=\"section\">\n\t\t\t\t\t\t<div class=\"elementor-container elementor-column-gap-default\">\n\t\t\t\t\t<div class=\"elementor-column elementor-col-100 elementor-top-column elementor-element elementor-element-c46cf8f\" data-id=\"c46cf8f\" data-element_type=\"column\" data-e-type=\"column\">\n\t\t\t<div class=\"elementor-widget-wrap elementor-element-populated\">\n\t\t\t\t\t\t<div class=\"elementor-element elementor-element-eeca679 elementor-widget elementor-widget-heading\" data-id=\"eeca679\" data-element_type=\"widget\" data-e-type=\"widget\" data-widget_type=\"heading.default\">\n\t\t\t\t<div class=\"elementor-widget-container\">\n\t\t\t\t\t<h2 class=\"elementor-heading-title elementor-size-large\">Verantwortlicher:<\/h2>\t\t\t\t<\/div>\n\t\t\t\t<\/div>\n\t\t\t\t\t<\/div>\n\t\t<\/div>\n\t\t\t\t\t<\/div>\n\t\t<\/section>\n\t\t\t\t<section class=\"elementor-section elementor-top-section elementor-element elementor-element-4ae8384 elementor-section-boxed elementor-section-height-default elementor-section-height-default\" data-id=\"4ae8384\" data-element_type=\"section\" data-e-type=\"section\">\n\t\t\t\t\t\t<div class=\"elementor-container elementor-column-gap-default\">\n\t\t\t\t\t<div class=\"elementor-column elementor-col-100 elementor-top-column elementor-element elementor-element-a4f906d\" data-id=\"a4f906d\" data-element_type=\"column\" data-e-type=\"column\">\n\t\t\t<div class=\"elementor-widget-wrap elementor-element-populated\">\n\t\t\t\t\t\t<div class=\"elementor-element elementor-element-40b2b2f elementor-widget elementor-widget-text-editor\" data-id=\"40b2b2f\" data-element_type=\"widget\" data-e-type=\"widget\" data-widget_type=\"text-editor.default\">\n\t\t\t\t<div class=\"elementor-widget-container\">\n\t\t\t\t\t\t\t\t\t<p>Ren\u00e9 Hannig<br \/>Leipziger Str. 13<br \/>34308 Bad Emstal<\/p>\t\t\t\t\t\t\t\t<\/div>\n\t\t\t\t<\/div>\n\t\t\t\t\t<\/div>\n\t\t<\/div>\n\t\t\t\t\t<\/div>\n\t\t<\/section>\n\t\t\t\t<section class=\"elementor-section elementor-top-section elementor-element elementor-element-f873ef3 elementor-section-boxed elementor-section-height-default elementor-section-height-default\" data-id=\"f873ef3\" data-element_type=\"section\" data-e-type=\"section\">\n\t\t\t\t\t\t<div class=\"elementor-container elementor-column-gap-default\">\n\t\t\t\t\t<div class=\"elementor-column elementor-col-100 elementor-top-column elementor-element elementor-element-e6ea5dc\" data-id=\"e6ea5dc\" data-element_type=\"column\" data-e-type=\"column\">\n\t\t\t<div class=\"elementor-widget-wrap elementor-element-populated\">\n\t\t\t\t\t\t<div class=\"elementor-element elementor-element-00c882b elementor-widget elementor-widget-heading\" data-id=\"00c882b\" data-element_type=\"widget\" data-e-type=\"widget\" data-widget_type=\"heading.default\">\n\t\t\t\t<div class=\"elementor-widget-container\">\n\t\t\t\t\t<h2 class=\"elementor-heading-title elementor-size-large\">Telefon:<\/h2>\t\t\t\t<\/div>\n\t\t\t\t<\/div>\n\t\t\t\t\t<\/div>\n\t\t<\/div>\n\t\t\t\t\t<\/div>\n\t\t<\/section>\n\t\t\t\t<section class=\"elementor-section elementor-top-section elementor-element elementor-element-43be79c elementor-section-boxed elementor-section-height-default elementor-section-height-default\" data-id=\"43be79c\" data-element_type=\"section\" data-e-type=\"section\">\n\t\t\t\t\t\t<div class=\"elementor-container elementor-column-gap-default\">\n\t\t\t\t\t<div class=\"elementor-column elementor-col-100 elementor-top-column elementor-element elementor-element-3606229\" data-id=\"3606229\" data-element_type=\"column\" data-e-type=\"column\">\n\t\t\t<div class=\"elementor-widget-wrap elementor-element-populated\">\n\t\t\t\t\t\t<div class=\"elementor-element elementor-element-dbf671e elementor-widget elementor-widget-text-editor\" data-id=\"dbf671e\" data-element_type=\"widget\" data-e-type=\"widget\" data-widget_type=\"text-editor.default\">\n\t\t\t\t<div class=\"elementor-widget-container\">\n\t\t\t\t\t\t\t\t\t<p>Tempor\u00e4r nicht verf\u00fcgbar<\/p>\t\t\t\t\t\t\t\t<\/div>\n\t\t\t\t<\/div>\n\t\t\t\t\t<\/div>\n\t\t<\/div>\n\t\t\t\t\t<\/div>\n\t\t<\/section>\n\t\t\t\t<section class=\"elementor-section elementor-top-section elementor-element elementor-element-ed5d8db elementor-section-boxed elementor-section-height-default elementor-section-height-default\" data-id=\"ed5d8db\" data-element_type=\"section\" data-e-type=\"section\">\n\t\t\t\t\t\t<div class=\"elementor-container elementor-column-gap-default\">\n\t\t\t\t\t<div class=\"elementor-column elementor-col-100 elementor-top-column elementor-element elementor-element-2068a2b\" data-id=\"2068a2b\" data-element_type=\"column\" data-e-type=\"column\">\n\t\t\t<div class=\"elementor-widget-wrap elementor-element-populated\">\n\t\t\t\t\t\t<div class=\"elementor-element elementor-element-97f7dd2 elementor-widget elementor-widget-heading\" data-id=\"97f7dd2\" data-element_type=\"widget\" data-e-type=\"widget\" data-widget_type=\"heading.default\">\n\t\t\t\t<div class=\"elementor-widget-container\">\n\t\t\t\t\t<h2 class=\"elementor-heading-title elementor-size-large\">E-mail:<\/h2>\t\t\t\t<\/div>\n\t\t\t\t<\/div>\n\t\t\t\t\t<\/div>\n\t\t<\/div>\n\t\t\t\t\t<\/div>\n\t\t<\/section>\n\t\t\t\t<section class=\"elementor-section elementor-top-section elementor-element elementor-element-5d01c58 elementor-section-boxed elementor-section-height-default elementor-section-height-default\" data-id=\"5d01c58\" data-element_type=\"section\" data-e-type=\"section\">\n\t\t\t\t\t\t<div class=\"elementor-container elementor-column-gap-default\">\n\t\t\t\t\t<div class=\"elementor-column elementor-col-100 elementor-top-column elementor-element elementor-element-5b95d8b\" data-id=\"5b95d8b\" data-element_type=\"column\" data-e-type=\"column\">\n\t\t\t<div class=\"elementor-widget-wrap elementor-element-populated\">\n\t\t\t\t\t\t<div class=\"elementor-element elementor-element-c2891ae elementor-widget elementor-widget-text-editor\" data-id=\"c2891ae\" data-element_type=\"widget\" data-e-type=\"widget\" data-widget_type=\"text-editor.default\">\n\t\t\t\t<div class=\"elementor-widget-container\">\n\t\t\t\t\t\t\t\t\t<p>contact@tabletopclubkassel.de<\/p>\t\t\t\t\t\t\t\t<\/div>\n\t\t\t\t<\/div>\n\t\t\t\t\t<\/div>\n\t\t<\/div>\n\t\t\t\t\t<\/div>\n\t\t<\/section>\n\t\t\t\t<\/div>\n\t\t","protected":false},"excerpt":{"rendered":"<p>Verantwortlicher: Ren\u00e9 HannigLeipziger Str. 1334308 Bad Emstal Telefon: Tempor\u00e4r nicht verf\u00fcgbar E-mail: contact@tabletopclubkassel.de<\/p>\n","protected":false},"author":3,"featured_media":0,"parent":0,"menu_order":0,"comment_status":"closed","ping_status":"closed","template":"","meta":{"footnotes":""},"class_list":["post-45","page","type-page","status-publish","hentry"],"yoast_head":"<!-- This site is optimized with the Yoast SEO plugin v26.1.1 - https:\/\/yoast.com\/wordpress\/plugins\/seo\/ -->\n<title>Impressum - Tabletopclub Kassel<\/title>\n<meta name=\"robots\" content=\"index, follow, max-snippet:-1, max-image-preview:large, max-video-preview:-1\" \/>\n<link rel=\"canonical\" href=\"https:\/\/www.tabletopclubkassel.de\/homepage\/impressum\/\" \/>\n<meta property=\"og:locale\" content=\"de_DE\" \/>\n<meta property=\"og:type\" content=\"article\" \/>\n<meta property=\"og:title\" content=\"Impressum - Tabletopclub Kassel\" \/>\n<meta property=\"og:description\" content=\"Verantwortlicher: Ren\u00e9 HannigLeipziger Str. 1334308 Bad Emstal Telefon: Tempor\u00e4r nicht verf\u00fcgbar E-mail: contact@tabletopclubkassel.de\" \/>\n<meta property=\"og:url\" content=\"https:\/\/www.tabletopclubkassel.de\/homepage\/impressum\/\" \/>\n<meta property=\"og:site_name\" content=\"Tabletopclub Kassel\" \/>\n<meta property=\"article:publisher\" content=\"https:\/\/www.facebook.com\/TabletopClubKassel\/\" \/>\n<meta property=\"article:modified_time\" content=\"2025-10-09T08:49:46+00:00\" \/>\n<meta name=\"twitter:card\" content=\"summary_large_image\" \/>\n<meta name=\"twitter:label1\" content=\"Gesch\u00e4tzte Lesezeit\" \/>\n\t<meta name=\"twitter:data1\" content=\"1\u00a0Minute\" \/>\n<script type=\"application\/ld+json\" class=\"yoast-schema-graph\">{\"@context\":\"https:\/\/schema.org\",\"@graph\":[{\"@type\":\"WebPage\",\"@id\":\"https:\/\/www.tabletopclubkassel.de\/homepage\/impressum\/\",\"url\":\"https:\/\/www.tabletopclubkassel.de\/homepage\/impressum\/\",\"name\":\"Impressum - Tabletopclub Kassel\",\"isPartOf\":{\"@id\":\"https:\/\/www.tabletopclubkassel.de\/homepage\/#website\"},\"datePublished\":\"2020-04-15T21:02:47+00:00\",\"dateModified\":\"2025-10-09T08:49:46+00:00\",\"breadcrumb\":{\"@id\":\"https:\/\/www.tabletopclubkassel.de\/homepage\/impressum\/#breadcrumb\"},\"inLanguage\":\"de\",\"potentialAction\":[{\"@type\":\"ReadAction\",\"target\":[\"https:\/\/www.tabletopclubkassel.de\/homepage\/impressum\/\"]}]},{\"@type\":\"BreadcrumbList\",\"@id\":\"https:\/\/www.tabletopclubkassel.de\/homepage\/impressum\/#breadcrumb\",\"itemListElement\":[{\"@type\":\"ListItem\",\"position\":1,\"name\":\"Startseite\",\"item\":\"https:\/\/www.tabletopclubkassel.de\/homepage\/\"},{\"@type\":\"ListItem\",\"position\":2,\"name\":\"Impressum\"}]},{\"@type\":\"WebSite\",\"@id\":\"https:\/\/www.tabletopclubkassel.de\/homepage\/#website\",\"url\":\"https:\/\/www.tabletopclubkassel.de\/homepage\/\",\"name\":\"Tabletopclub Kassel\",\"description\":\"Info Website des Tabletopclub Kassel\",\"publisher\":{\"@id\":\"https:\/\/www.tabletopclubkassel.de\/homepage\/#organization\"},\"potentialAction\":[{\"@type\":\"SearchAction\",\"target\":{\"@type\":\"EntryPoint\",\"urlTemplate\":\"https:\/\/www.tabletopclubkassel.de\/homepage\/?s={search_term_string}\"},\"query-input\":{\"@type\":\"PropertyValueSpecification\",\"valueRequired\":true,\"valueName\":\"search_term_string\"}}],\"inLanguage\":\"de\"},{\"@type\":\"Organization\",\"@id\":\"https:\/\/www.tabletopclubkassel.de\/homepage\/#organization\",\"name\":\"Tabletopclub Kassel\",\"url\":\"https:\/\/www.tabletopclubkassel.de\/homepage\/\",\"logo\":{\"@type\":\"ImageObject\",\"inLanguage\":\"de\",\"@id\":\"https:\/\/www.tabletopclubkassel.de\/homepage\/#\/schema\/logo\/image\/\",\"url\":\"https:\/\/www.tabletopclubkassel.de\/homepage\/wp-content\/uploads\/2020\/01\/cropped-TTCK-Wappenl\u00f6we2-e1578064406278.png\",\"contentUrl\":\"https:\/\/www.tabletopclubkassel.de\/homepage\/wp-content\/uploads\/2020\/01\/cropped-TTCK-Wappenl\u00f6we2-e1578064406278.png\",\"width\":456,\"height\":580,\"caption\":\"Tabletopclub Kassel\"},\"image\":{\"@id\":\"https:\/\/www.tabletopclubkassel.de\/homepage\/#\/schema\/logo\/image\/\"},\"sameAs\":[\"https:\/\/www.facebook.com\/TabletopClubKassel\/\"]}]}<\/script>\n<!-- \/ Yoast SEO plugin. -->","yoast_head_json":{"title":"Impressum - Tabletopclub Kassel","robots":{"index":"index","follow":"follow","max-snippet":"max-snippet:-1","max-image-preview":"max-image-preview:large","max-video-preview":"max-video-preview:-1"},"canonical":"https:\/\/www.tabletopclubkassel.de\/homepage\/impressum\/","og_locale":"de_DE","og_type":"article","og_title":"Impressum - Tabletopclub Kassel","og_description":"Verantwortlicher: Ren\u00e9 HannigLeipziger Str. 1334308 Bad Emstal Telefon: Tempor\u00e4r nicht verf\u00fcgbar E-mail: contact@tabletopclubkassel.de","og_url":"https:\/\/www.tabletopclubkassel.de\/homepage\/impressum\/","og_site_name":"Tabletopclub Kassel","article_publisher":"https:\/\/www.facebook.com\/TabletopClubKassel\/","article_modified_time":"2025-10-09T08:49:46+00:00","twitter_card":"summary_large_image","twitter_misc":{"Gesch\u00e4tzte Lesezeit":"1\u00a0Minute"},"schema":{"@context":"https:\/\/schema.org","@graph":[{"@type":"WebPage","@id":"https:\/\/www.tabletopclubkassel.de\/homepage\/impressum\/","url":"https:\/\/www.tabletopclubkassel.de\/homepage\/impressum\/","name":"Impressum - Tabletopclub Kassel","isPartOf":{"@id":"https:\/\/www.tabletopclubkassel.de\/homepage\/#website"},"datePublished":"2020-04-15T21:02:47+00:00","dateModified":"2025-10-09T08:49:46+00:00","breadcrumb":{"@id":"https:\/\/www.tabletopclubkassel.de\/homepage\/impressum\/#breadcrumb"},"inLanguage":"de","potentialAction":[{"@type":"ReadAction","target":["https:\/\/www.tabletopclubkassel.de\/homepage\/impressum\/"]}]},{"@type":"BreadcrumbList","@id":"https:\/\/www.tabletopclubkassel.de\/homepage\/impressum\/#breadcrumb","itemListElement":[{"@type":"ListItem","position":1,"name":"Startseite","item":"https:\/\/www.tabletopclubkassel.de\/homepage\/"},{"@type":"ListItem","position":2,"name":"Impressum"}]},{"@type":"WebSite","@id":"https:\/\/www.tabletopclubkassel.de\/homepage\/#website","url":"https:\/\/www.tabletopclubkassel.de\/homepage\/","name":"Tabletopclub Kassel","description":"Info Website des Tabletopclub Kassel","publisher":{"@id":"https:\/\/www.tabletopclubkassel.de\/homepage\/#organization"},"potentialAction":[{"@type":"SearchAction","target":{"@type":"EntryPoint","urlTemplate":"https:\/\/www.tabletopclubkassel.de\/homepage\/?s={search_term_string}"},"query-input":{"@type":"PropertyValueSpecification","valueRequired":true,"valueName":"search_term_string"}}],"inLanguage":"de"},{"@type":"Organization","@id":"https:\/\/www.tabletopclubkassel.de\/homepage\/#organization","name":"Tabletopclub Kassel","url":"https:\/\/www.tabletopclubkassel.de\/homepage\/","logo":{"@type":"ImageObject","inLanguage":"de","@id":"https:\/\/www.tabletopclubkassel.de\/homepage\/#\/schema\/logo\/image\/","url":"https:\/\/www.tabletopclubkassel.de\/homepage\/wp-content\/uploads\/2020\/01\/cropped-TTCK-Wappenl\u00f6we2-e1578064406278.png","contentUrl":"https:\/\/www.tabletopclubkassel.de\/homepage\/wp-content\/uploads\/2020\/01\/cropped-TTCK-Wappenl\u00f6we2-e1578064406278.png","width":456,"height":580,"caption":"Tabletopclub Kassel"},"image":{"@id":"https:\/\/www.tabletopclubkassel.de\/homepage\/#\/schema\/logo\/image\/"},"sameAs":["https:\/\/www.facebook.com\/TabletopClubKassel\/"]}]}},"_links":{"self":[{"href":"https:\/\/www.tabletopclubkassel.de\/homepage\/wp-json\/wp\/v2\/pages\/45","targetHints":{"allow":["GET"]}}],"collection":[{"href":"https:\/\/www.tabletopclubkassel.de\/homepage\/wp-json\/wp\/v2\/pages"}],"about":[{"href":"https:\/\/www.tabletopclubkassel.de\/homepage\/wp-json\/wp\/v2\/types\/page"}],"author":[{"embeddable":true,"href":"https:\/\/www.tabletopclubkassel.de\/homepage\/wp-json\/wp\/v2\/users\/3"}],"replies":[{"embeddable":true,"href":"https:\/\/www.tabletopclubkassel.de\/homepage\/wp-json\/wp\/v2\/comments?post=45"}],"version-history":[{"count":10,"href":"https:\/\/www.tabletopclubkassel.de\/homepage\/wp-json\/wp\/v2\/pages\/45\/revisions"}],"predecessor-version":[{"id":963,"href":"https:\/\/www.tabletopclubkassel.de\/homepage\/wp-json\/wp\/v2\/pages\/45\/revisions\/963"}],"wp:attachment":[{"href":"https:\/\/www.tabletopclubkassel.de\/homepage\/wp-json\/wp\/v2\/media?parent=45"}],"curies":[{"name":"wp","href":"https:\/\/api.w.org\/{rel}","templated":true}]}}